{"id":574,"date":"2024-03-17T15:24:38","date_gmt":"2024-03-17T15:24:38","guid":{"rendered":"http:\/\/localhost\/museosdelima\/?page_id=574"},"modified":"2024-12-02T14:25:37","modified_gmt":"2024-12-02T19:25:37","slug":"about-us","status":"publish","type":"page","link":"https:\/\/museosdelima.com\/eng\/about-us\/","title":{"rendered":"Hello!"},"content":{"rendered":"\n<h3 class=\"wp-block-heading\"><strong>\u00a1Bienvenido(a) a Museos de Lima!<\/strong><\/h3>\n\n\n\n<p>Mi nombre es Oscar Oviedo Velasco y soy Gu\u00eda Oficial de Turismo en Lima, mi ciudad. Esta p\u00e1gina nace ante la necesidad de poder reunir en un solo lugar los muchos atractivos que Lima tiene, los cuales he ido descubriendo en los varios a\u00f1os que llevo como gu\u00eda. Este portal es algo que Lima ciertamente merece y necesita, ya que pocos lugares concentran la cantidad y variedad de atractivos como los que aqu\u00ed tenemos. Lima tiene un fascinante pasado milenario con sus cientos de huacas, su centro hist\u00f3rico muestra la herencia de nuestro gran pasado virreinal al tiempo que la modernidad la convierte en una de las ciudades m\u00e1s vibrantes de Latinoam\u00e9rica. Es adem\u00e1s la capital de la gastronom\u00eda americana y un lugar donde la aventura y tradici\u00f3n est\u00e1n tambi\u00e9n presentes. Espero que el esfuerzo de reunir ac\u00e1 la gran mayor\u00eda de lugares que hay para conocer en Lima sea de utilidad para quienes desean animarse a recorrerla y aprender cada vez m\u00e1s acerca de su rica historia.<\/p>\n\n\n\n<p>Adem\u00e1s de Lima, otra de mis pasiones es la fotograf\u00eda. Realizar esta web me ha permitido combinar ambas cosas, ya que cada una de las im\u00e1genes que aqu\u00ed comparto son de mi autor\u00eda, espero las disfrutes.<\/p>\n\n\n\n<p>No esperes m\u00e1s, &nbsp;alista tu c\u00e1mara y sal a recorrer Lima, la Ciudad de los Reyes.<\/p>\n\n\n\n<p>Oscar Oviedo Velasco<\/p>\n\n\n\n<p>Gu\u00eda Oficial de Turismo<\/p>\n\n\n\n<p>Creador y administrador de www.museosdelima.com<\/p>\n\n\n\n<figure class=\"wp-block-image size-full is-resized\"><a href=\"https:\/\/creativecommons.org\/licenses\/by-nc\/4.0\/\"><img decoding=\"async\" src=\"http:\/\/localhost\/museosdelimaeng\/wp-content\/uploads\/2024\/03\/88x31.png\" alt=\"\" class=\"wp-image-576\" style=\"width:88px;height:auto\"\/><\/a><\/figure>\n\n\n\n<p><\/p>\n\n\n\n<h6 class=\"wp-block-heading has-small-font-size\">Esta web, sus im\u00e1genes y contenidos est\u00e1n protegidos por derechos de autor. Si deseas hacer uso del material aqu\u00ed presentado con fines comerciales no dudes en\u00a0<a href=\"https:\/\/web.archive.org\/web\/20220619232757\/https:\/\/www.museosdelima.com\/contacto\/\">contactarme<\/a>.<\/h6>\n\n\n\n<p><\/p>\n\n\n\n<h3 class=\"wp-block-heading\"><strong>Nuestro Logo<\/strong><\/h3>\n\n\n\n<p><\/p>\n\n\n\n<figure class=\"wp-block-image size-full is-resized\"><img decoding=\"async\" src=\"http:\/\/localhost\/museosdelimaeng\/wp-content\/uploads\/2024\/03\/logo-museos-de-lima.png\" alt=\"\" class=\"wp-image-581\" style=\"width:128px;height:auto\"\/><\/figure>\n\n\n\n<p><\/p>\n\n\n\n<p>El logotipo de Museos de Lima tiene los colores del escudo de la Ciudad de los Reyes, que es el nombre oficial de fundaci\u00f3n de la ciudad de Lima, el cual fue otorgado a nosotros por el rey Carlos V en el a\u00f1o de 1537. Estos colores son llamados en her\u00e1ldica: oro (amarillo), gules (rojo), azur (azul) y sable (negro).<\/p>\n\n\n\n<p>Nuestro logo se divide en tres partes que representan las tres etapas de la historia de Lima, la prehisp\u00e1nica, virreinal y republicana. En el primer campo, del lado izquierdo, se aprecia la imagen de un templo prehisp\u00e1nico estilizado que se inspira en la Huaca Huallamarca. Al medio la empu\u00f1adura de la espada de Francisco Pizarro que se guarda en el Museo de Oro y que a su vez se asemeja a la forma de una cruz, representando as\u00ed, no solo el proceso de conquista sino tambi\u00e9n la llegada de una nueva religi\u00f3n al Per\u00fa. El \u00faltimo campo muestra el monumento a Jos\u00e9 de San Mart\u00edn quien declara la independencia del Per\u00fa y da inicio a un nuevo periodo de nuestra historia, el republicano.<\/p>\n\n\n\n<p>Museos de Lima no solo busca dar a conocer los museos que la ciudad posee, sino tambi\u00e9n otros atractivos. Por eso se muestra un monumento hist\u00f3rico (la huaca), una pieza de museo (la espada) y una plaza (Plaza San Mart\u00edn).<\/p>\n","protected":false},"excerpt":{"rendered":"<p>\u00a1Bienvenido(a) a Museos de Lima! Mi nombre es Oscar Oviedo Velasco y soy Gu\u00eda Oficial de Turismo en Lima, mi&#8230;<\/p>\n","protected":false},"author":1,"featured_media":0,"parent":0,"menu_order":0,"comment_status":"closed","ping_status":"closed","template":"","meta":{"_acf_changed":false,"footnotes":""},"class_list":["post-574","page","type-page","status-publish","hentry"],"acf":[],"_links":{"self":[{"href":"https:\/\/museosdelima.com\/eng\/wp-json\/wp\/v2\/pages\/574","targetHints":{"allow":["GET"]}}],"collection":[{"href":"https:\/\/museosdelima.com\/eng\/wp-json\/wp\/v2\/pages"}],"about":[{"href":"https:\/\/museosdelima.com\/eng\/wp-json\/wp\/v2\/types\/page"}],"author":[{"embeddable":true,"href":"https:\/\/museosdelima.com\/eng\/wp-json\/wp\/v2\/users\/1"}],"replies":[{"embeddable":true,"href":"https:\/\/museosdelima.com\/eng\/wp-json\/wp\/v2\/comments?post=574"}],"version-history":[{"count":1,"href":"https:\/\/museosdelima.com\/eng\/wp-json\/wp\/v2\/pages\/574\/revisions"}],"predecessor-version":[{"id":778,"href":"https:\/\/museosdelima.com\/eng\/wp-json\/wp\/v2\/pages\/574\/revisions\/778"}],"wp:attachment":[{"href":"https:\/\/museosdelima.com\/eng\/wp-json\/wp\/v2\/media?parent=574"}],"curies":[{"name":"wp","href":"https:\/\/api.w.org\/{rel}","templated":true}]}}